{"id":102,"date":"2014-04-12T17:04:15","date_gmt":"2014-04-12T17:04:15","guid":{"rendered":"http:\/\/sporty-wp.wp4life.com\/?page_id=102"},"modified":"2022-04-12T00:33:01","modified_gmt":"2022-04-11T22:33:01","slug":"nuestro-club","status":"publish","type":"page","link":"https:\/\/6a8tenisdemesa.com\/index.php\/nuestro-club\/","title":{"rendered":"Nuestro club"},"content":{"rendered":"<div id=\"pl-102\"  class=\"panel-layout\" ><div id=\"pg-102-0\"  class=\"panel-grid panel-no-style\" ><div id=\"pgc-102-0-0\"  class=\"panel-grid-cell\" ><div id=\"panel-102-0-0-0\" class=\"so-panel widget widget_sow-editor panel-first-child panel-last-child\" data-index=\"0\" ><div\n\t\t\t\n\t\t\tclass=\"so-widget-sow-editor so-widget-sow-editor-base\"\n\t\t\t\n\t\t>\n<div class=\"siteorigin-widget-tinymce textwidget\">\n\t<h2>Nuestro club<\/h2>\n<p>Bienvenidos a la p\u00e1gina web oficial del 6 a 8 Tenis de mesa. Somos una asociaci\u00f3n formada por personas apasionadas de este deporte cuyo objetivo es transmitir y promocionar el tenis de mesa en C\u00f3rdoba capital, y crear un punto de encuentro para cualquier persona interesada en practicarlo, sea cual sea su edad o nivel del juego.<\/p>\n<p>En esta web encontrar\u00e1 informaci\u00f3n del club, de sus miembros, de sus instalaciones, \u00a1y mucho m\u00e1s! Si te apasiona este deporte o sientes curiosidad por aprender, no lo dudes y p\u00e1sate, \u00a1te recibiremos con los brazos abiertos!<\/p>\n<p>&nbsp;<\/p>\n<p>&nbsp;<\/p>\n<\/div>\n<\/div><\/div><\/div><\/div><\/div>","protected":false},"excerpt":{"rendered":"<p>Nuestro club Bienvenidos a la p\u00e1gina web oficial del 6 a 8 Tenis de mesa. Somos una asociaci\u00f3n formada por personas apasionadas de este deporte cuyo objetivo es transmitir y promocionar el tenis de mesa en C\u00f3rdoba capital, y crear un punto de encuentro para cualquier persona interesada en practicarlo, sea cual sea su edad&#8230;<\/p>\n","protected":false},"author":1,"featured_media":585,"parent":0,"menu_order":0,"comment_status":"open","ping_status":"open","template":"about.php","meta":{"_bbp_topic_count":0,"_bbp_reply_count":0,"_bbp_total_topic_count":0,"_bbp_total_reply_count":0,"_bbp_voice_count":0,"_bbp_anonymous_reply_count":0,"_bbp_topic_count_hidden":0,"_bbp_reply_count_hidden":0,"_bbp_forum_subforum_count":0,"footnotes":""},"class_list":["post-102","page","type-page","status-publish","has-post-thumbnail","hentry"],"yoast_head":"<!-- This site is optimized with the Yoast SEO plugin v27.4 - https:\/\/yoast.com\/product\/yoast-seo-wordpress\/ -->\n<title>Nuestro club - 6 a 8 Tenis de Mesa<\/title>\n<meta name=\"description\" content=\"Nuestro club 6 a 8 tenis de mesa\" \/>\n<meta name=\"robots\" content=\"index, follow, max-snippet:-1, max-image-preview:large, max-video-preview:-1\" \/>\n<link rel=\"canonical\" href=\"https:\/\/6a8tenisdemesa.com\/index.php\/nuestro-club\/\" \/>\n<meta property=\"og:locale\" content=\"es_ES\" \/>\n<meta property=\"og:type\" content=\"article\" \/>\n<meta property=\"og:title\" content=\"Nuestro club - 6 a 8 Tenis de Mesa\" \/>\n<meta property=\"og:description\" content=\"Nuestro club 6 a 8 tenis de mesa\" \/>\n<meta property=\"og:url\" content=\"https:\/\/6a8tenisdemesa.com\/index.php\/nuestro-club\/\" \/>\n<meta property=\"og:site_name\" content=\"6 a 8 Tenis de Mesa\" \/>\n<meta property=\"article:publisher\" content=\"https:\/\/www.facebook.com\/6a8tenisdemesa\/\" \/>\n<meta property=\"article:modified_time\" content=\"2022-04-11T22:33:01+00:00\" \/>\n<meta property=\"og:image\" content=\"https:\/\/6a8tenisdemesa.com\/wp-content\/uploads\/2018\/03\/our-club.jpg\" \/>\n\t<meta property=\"og:image:width\" content=\"1170\" \/>\n\t<meta property=\"og:image:height\" content=\"325\" \/>\n\t<meta property=\"og:image:type\" content=\"image\/jpeg\" \/>\n<meta name=\"twitter:label1\" content=\"Tiempo de lectura\" \/>\n\t<meta name=\"twitter:data1\" content=\"1 minuto\" \/>\n<script type=\"application\/ld+json\" class=\"yoast-schema-graph\">{\"@context\":\"https:\\\/\\\/schema.org\",\"@graph\":[{\"@type\":\"WebPage\",\"@id\":\"https:\\\/\\\/6a8tenisdemesa.com\\\/index.php\\\/nuestro-club\\\/\",\"url\":\"https:\\\/\\\/6a8tenisdemesa.com\\\/index.php\\\/nuestro-club\\\/\",\"name\":\"Nuestro club - 6 a 8 Tenis de Mesa\",\"isPartOf\":{\"@id\":\"https:\\\/\\\/6a8tenisdemesa.com\\\/#website\"},\"primaryImageOfPage\":{\"@id\":\"https:\\\/\\\/6a8tenisdemesa.com\\\/index.php\\\/nuestro-club\\\/#primaryimage\"},\"image\":{\"@id\":\"https:\\\/\\\/6a8tenisdemesa.com\\\/index.php\\\/nuestro-club\\\/#primaryimage\"},\"thumbnailUrl\":\"https:\\\/\\\/6a8tenisdemesa.com\\\/wp-content\\\/uploads\\\/2018\\\/03\\\/our-club.jpg\",\"datePublished\":\"2014-04-12T17:04:15+00:00\",\"dateModified\":\"2022-04-11T22:33:01+00:00\",\"description\":\"Nuestro club 6 a 8 tenis de mesa\",\"breadcrumb\":{\"@id\":\"https:\\\/\\\/6a8tenisdemesa.com\\\/index.php\\\/nuestro-club\\\/#breadcrumb\"},\"inLanguage\":\"es\",\"potentialAction\":[{\"@type\":\"ReadAction\",\"target\":[\"https:\\\/\\\/6a8tenisdemesa.com\\\/index.php\\\/nuestro-club\\\/\"]}]},{\"@type\":\"ImageObject\",\"inLanguage\":\"es\",\"@id\":\"https:\\\/\\\/6a8tenisdemesa.com\\\/index.php\\\/nuestro-club\\\/#primaryimage\",\"url\":\"https:\\\/\\\/6a8tenisdemesa.com\\\/wp-content\\\/uploads\\\/2018\\\/03\\\/our-club.jpg\",\"contentUrl\":\"https:\\\/\\\/6a8tenisdemesa.com\\\/wp-content\\\/uploads\\\/2018\\\/03\\\/our-club.jpg\",\"width\":1170,\"height\":325,\"caption\":\"\"},{\"@type\":\"BreadcrumbList\",\"@id\":\"https:\\\/\\\/6a8tenisdemesa.com\\\/index.php\\\/nuestro-club\\\/#breadcrumb\",\"itemListElement\":[{\"@type\":\"ListItem\",\"position\":1,\"name\":\"Portada\",\"item\":\"https:\\\/\\\/6a8tenisdemesa.com\\\/\"},{\"@type\":\"ListItem\",\"position\":2,\"name\":\"Nuestro club\"}]},{\"@type\":\"WebSite\",\"@id\":\"https:\\\/\\\/6a8tenisdemesa.com\\\/#website\",\"url\":\"https:\\\/\\\/6a8tenisdemesa.com\\\/\",\"name\":\"6 a 8 Tenis de Mesa\",\"description\":\"Club de tenis de mesa en C\u00f3rdoba\",\"publisher\":{\"@id\":\"https:\\\/\\\/6a8tenisdemesa.com\\\/#organization\"},\"potentialAction\":[{\"@type\":\"SearchAction\",\"target\":{\"@type\":\"EntryPoint\",\"urlTemplate\":\"https:\\\/\\\/6a8tenisdemesa.com\\\/?s={search_term_string}\"},\"query-input\":{\"@type\":\"PropertyValueSpecification\",\"valueRequired\":true,\"valueName\":\"search_term_string\"}}],\"inLanguage\":\"es\"},{\"@type\":\"Organization\",\"@id\":\"https:\\\/\\\/6a8tenisdemesa.com\\\/#organization\",\"name\":\"6 a 8 tenis de mesa C\u00f3rdoba\",\"url\":\"https:\\\/\\\/6a8tenisdemesa.com\\\/\",\"logo\":{\"@type\":\"ImageObject\",\"inLanguage\":\"es\",\"@id\":\"https:\\\/\\\/6a8tenisdemesa.com\\\/#\\\/schema\\\/logo\\\/image\\\/\",\"url\":\"https:\\\/\\\/6a8tenisdemesa.com\\\/wp-content\\\/uploads\\\/2022\\\/04\\\/final.png\",\"contentUrl\":\"https:\\\/\\\/6a8tenisdemesa.com\\\/wp-content\\\/uploads\\\/2022\\\/04\\\/final.png\",\"width\":595,\"height\":595,\"caption\":\"6 a 8 tenis de mesa C\u00f3rdoba\"},\"image\":{\"@id\":\"https:\\\/\\\/6a8tenisdemesa.com\\\/#\\\/schema\\\/logo\\\/image\\\/\"},\"sameAs\":[\"https:\\\/\\\/www.facebook.com\\\/6a8tenisdemesa\\\/\",\"https:\\\/\\\/x.com\\\/6a8tenisdemesa\"]}]}<\/script>\n<!-- \/ Yoast SEO plugin. -->","yoast_head_json":{"title":"Nuestro club - 6 a 8 Tenis de Mesa","description":"Nuestro club 6 a 8 tenis de mesa","robots":{"index":"index","follow":"follow","max-snippet":"max-snippet:-1","max-image-preview":"max-image-preview:large","max-video-preview":"max-video-preview:-1"},"canonical":"https:\/\/6a8tenisdemesa.com\/index.php\/nuestro-club\/","og_locale":"es_ES","og_type":"article","og_title":"Nuestro club - 6 a 8 Tenis de Mesa","og_description":"Nuestro club 6 a 8 tenis de mesa","og_url":"https:\/\/6a8tenisdemesa.com\/index.php\/nuestro-club\/","og_site_name":"6 a 8 Tenis de Mesa","article_publisher":"https:\/\/www.facebook.com\/6a8tenisdemesa\/","article_modified_time":"2022-04-11T22:33:01+00:00","og_image":[{"width":1170,"height":325,"url":"https:\/\/6a8tenisdemesa.com\/wp-content\/uploads\/2018\/03\/our-club.jpg","type":"image\/jpeg"}],"twitter_misc":{"Tiempo de lectura":"1 minuto"},"schema":{"@context":"https:\/\/schema.org","@graph":[{"@type":"WebPage","@id":"https:\/\/6a8tenisdemesa.com\/index.php\/nuestro-club\/","url":"https:\/\/6a8tenisdemesa.com\/index.php\/nuestro-club\/","name":"Nuestro club - 6 a 8 Tenis de Mesa","isPartOf":{"@id":"https:\/\/6a8tenisdemesa.com\/#website"},"primaryImageOfPage":{"@id":"https:\/\/6a8tenisdemesa.com\/index.php\/nuestro-club\/#primaryimage"},"image":{"@id":"https:\/\/6a8tenisdemesa.com\/index.php\/nuestro-club\/#primaryimage"},"thumbnailUrl":"https:\/\/6a8tenisdemesa.com\/wp-content\/uploads\/2018\/03\/our-club.jpg","datePublished":"2014-04-12T17:04:15+00:00","dateModified":"2022-04-11T22:33:01+00:00","description":"Nuestro club 6 a 8 tenis de mesa","breadcrumb":{"@id":"https:\/\/6a8tenisdemesa.com\/index.php\/nuestro-club\/#breadcrumb"},"inLanguage":"es","potentialAction":[{"@type":"ReadAction","target":["https:\/\/6a8tenisdemesa.com\/index.php\/nuestro-club\/"]}]},{"@type":"ImageObject","inLanguage":"es","@id":"https:\/\/6a8tenisdemesa.com\/index.php\/nuestro-club\/#primaryimage","url":"https:\/\/6a8tenisdemesa.com\/wp-content\/uploads\/2018\/03\/our-club.jpg","contentUrl":"https:\/\/6a8tenisdemesa.com\/wp-content\/uploads\/2018\/03\/our-club.jpg","width":1170,"height":325,"caption":""},{"@type":"BreadcrumbList","@id":"https:\/\/6a8tenisdemesa.com\/index.php\/nuestro-club\/#breadcrumb","itemListElement":[{"@type":"ListItem","position":1,"name":"Portada","item":"https:\/\/6a8tenisdemesa.com\/"},{"@type":"ListItem","position":2,"name":"Nuestro club"}]},{"@type":"WebSite","@id":"https:\/\/6a8tenisdemesa.com\/#website","url":"https:\/\/6a8tenisdemesa.com\/","name":"6 a 8 Tenis de Mesa","description":"Club de tenis de mesa en C\u00f3rdoba","publisher":{"@id":"https:\/\/6a8tenisdemesa.com\/#organization"},"potentialAction":[{"@type":"SearchAction","target":{"@type":"EntryPoint","urlTemplate":"https:\/\/6a8tenisdemesa.com\/?s={search_term_string}"},"query-input":{"@type":"PropertyValueSpecification","valueRequired":true,"valueName":"search_term_string"}}],"inLanguage":"es"},{"@type":"Organization","@id":"https:\/\/6a8tenisdemesa.com\/#organization","name":"6 a 8 tenis de mesa C\u00f3rdoba","url":"https:\/\/6a8tenisdemesa.com\/","logo":{"@type":"ImageObject","inLanguage":"es","@id":"https:\/\/6a8tenisdemesa.com\/#\/schema\/logo\/image\/","url":"https:\/\/6a8tenisdemesa.com\/wp-content\/uploads\/2022\/04\/final.png","contentUrl":"https:\/\/6a8tenisdemesa.com\/wp-content\/uploads\/2022\/04\/final.png","width":595,"height":595,"caption":"6 a 8 tenis de mesa C\u00f3rdoba"},"image":{"@id":"https:\/\/6a8tenisdemesa.com\/#\/schema\/logo\/image\/"},"sameAs":["https:\/\/www.facebook.com\/6a8tenisdemesa\/","https:\/\/x.com\/6a8tenisdemesa"]}]}},"_links":{"self":[{"href":"https:\/\/6a8tenisdemesa.com\/index.php\/wp-json\/wp\/v2\/pages\/102","targetHints":{"allow":["GET"]}}],"collection":[{"href":"https:\/\/6a8tenisdemesa.com\/index.php\/wp-json\/wp\/v2\/pages"}],"about":[{"href":"https:\/\/6a8tenisdemesa.com\/index.php\/wp-json\/wp\/v2\/types\/page"}],"author":[{"embeddable":true,"href":"https:\/\/6a8tenisdemesa.com\/index.php\/wp-json\/wp\/v2\/users\/1"}],"replies":[{"embeddable":true,"href":"https:\/\/6a8tenisdemesa.com\/index.php\/wp-json\/wp\/v2\/comments?post=102"}],"version-history":[{"count":8,"href":"https:\/\/6a8tenisdemesa.com\/index.php\/wp-json\/wp\/v2\/pages\/102\/revisions"}],"predecessor-version":[{"id":823,"href":"https:\/\/6a8tenisdemesa.com\/index.php\/wp-json\/wp\/v2\/pages\/102\/revisions\/823"}],"wp:featuredmedia":[{"embeddable":true,"href":"https:\/\/6a8tenisdemesa.com\/index.php\/wp-json\/wp\/v2\/media\/585"}],"wp:attachment":[{"href":"https:\/\/6a8tenisdemesa.com\/index.php\/wp-json\/wp\/v2\/media?parent=102"}],"curies":[{"name":"wp","href":"https:\/\/api.w.org\/{rel}","templated":true}]}}